{"id":1258,"date":"2022-03-14T12:02:22","date_gmt":"2022-03-14T12:02:22","guid":{"rendered":"http:\/\/dk28makowpodhalanski.pl\/?page_id=1258"},"modified":"2022-03-14T12:27:59","modified_gmt":"2022-03-14T12:27:59","slug":"raport-z-dzialan-informacyjnych","status":"publish","type":"page","link":"http:\/\/dk28makowpodhalanski.pl\/index.php\/raport-z-dzialan-informacyjnych\/","title":{"rendered":"Raport z dzia\u0142a\u0144 informacyjnych"},"content":{"rendered":"<p><b><\/b><br>\n<b><\/b><br>\n<b><\/b><br>\n<b><\/b><br>\n<b><\/b><br>\n<b><\/b><\/p>\n\n\n<center>\n<b>\n<br>\n<br>\n<br>\n<br>\n<br><b>\n<font style=\"color: #EF7900; font-size: 20px;  font-family: Lato; Regular \">\/<\/font><\/b>\n<font style=\"color: #000000; font-size: 20px;  font-family: Lato\">RAPORT Z DZIA\u0141A\u0143 INFORMACYJNYCH<\/font> \n<br><\/b>\n<\/center>\n<center>\n<br>\n<p style=\"color: #000000; font-size: 16px;  font-family: Lato\">Raport z dzia\u0142a\u0144 informacyjnych przeprowadzonych w ramach opracowania dokumentacji projektowej STE\u015a-R wraz z uzyskaniem decyzji D\u015aU dla \u201eObwodnicy Makowa Podhala\u0144skiego w ci\u0105gu drogi krajowej nr 28\u201d (etap I Studium techniczno-ekonomiczno-\u015brodowiskowego wraz z elementami koncepcji programowej).\nDla dotychczasowych wariant\u00f3w nr 1-5 oraz wariantu nr 6 wykonana zostanie analiza wielokryterialna. W zwi\u0105zku z najwi\u0119kszym zainteresowaniem wariantu nr 3 wprowadzono wszystkie technicznie mo\u017cliwe zmiany (proponowane przez mieszka\u0144c\u00f3w) dla ww. wariantu \u2013 kt\u00f3remu nadano kolejny numer czyli 6. Dla dotychczasowych wariant\u00f3w 1-5 nie wprowadzono \u017cadnych zmian.\nDotychczasowe warianty znajduj\u0105 si\u0119 tutaj: <b><a style='color:#EF7900;font-size: 16px;  font-family: Lato ' href=\"http:\/\/dk28makowpodhalanski.pl\/index.php\/spotkanie-informacyjne\/\"> Spotkanie informacyjne<\/a><\/b>\n.<p>\n<br>\n\n<br>\n<b>\n<font style=\"color: #EF7900; font-size: 20px;  font-family: Lato \">\/<\/font><\/b>\n<font style=\"color: #000000; font-size: 20px;  font-family: Lato\">PLIKI DO POBRANIA<\/font>\n<\/b>\n<br><br>\n<b><a style='color:#EF7900;font-size: 16px;  font-family: Lato ' href=\"http:\/\/dk28makowpodhalanski.pl\/wp-content\/uploads\/Raport\/Raport%20z%20dzia%c5%82an%20informacyjnych.pdf\">Raport z dzia\u0142a\u0144 informacyjnych<\/a><\/b>\n<br><br>\n<b><a style='color:#EF7900;font-size: 16px;  font-family: Lato ' href=\"http:\/\/dk28makowpodhalanski.pl\/wp-content\/uploads\/Raport\/Rys.%200_Orientacja.pdf\">Rys. 0_Orientacja<\/a><\/b>\n<br><br>\n<b><a style='color:#EF7900;font-size: 16px;  font-family: Lato ' href=\"http:\/\/dk28makowpodhalanski.pl\/wp-content\/uploads\/Raport\/Rys.%20W.6.1.1_Wariant%206%20plan%20sytuacyjny.pdf\">Rys. W.6.1.1_Wariant 6 plan sytuacyjny<\/a><\/b>\n<br><br>\n<b><a style='color:#EF7900;font-size: 16px;  font-family: Lato ' href=\"http:\/\/dk28makowpodhalanski.pl\/wp-content\/uploads\/Raport\/Rys.%20W.6.1.2_Wariant%206%20plan%20sytuacyjny.pdf\">Rys. W.6.1.2_Wariant 6 plan sytuacyjny<\/a><\/b>\n<br><br>\n<b><a style='color:#EF7900;font-size: 16px;  font-family: Lato ' href=\"http:\/\/dk28makowpodhalanski.pl\/wp-content\/uploads\/Raport\/Rys.%20W.6.1.3_Wariant%206%20plan%20sytuacyjny.pdf\">Rys. W.6.1.3_Wariant 6 plan sytuacyjny<\/a><\/b>\n<br><br>\n<b><a style='color:#EF7900;font-size: 16px;  font-family: Lato ' href=\"http:\/\/dk28makowpodhalanski.pl\/wp-content\/uploads\/Raport\/Rys.%20W.6.1.4_Wariant%206%20plan%20sytuacyjny.pdf\">Rys. W.6.1.4_Wariant 6 plan sytuacyjny<\/a><\/b>\n<br><br>\n<br>\n<br>\n<br>\n<br>\n<br>\n<br>\n<br>\n<br>\n<br>\n<br>\n<br>\n<br>\n<br>\n<br>\n<br>\n<br>\n<br>\n<br>\n<br>\n<br>\n<br>\n<br>\n<br>\n<br>\n<\/CENTER>\n<\/b>\n<p> <\/p>\n","protected":false},"excerpt":{"rendered":"<p>\/ RAPORT Z DZIA\u0141A\u0143 INFORMACYJNYCH Raport z dzia\u0142a\u0144 informacyjnych przeprowadzonych w ramach opracowania dokumentacji projektowej STE\u015a-R wraz z uzyskaniem decyzji D\u015aU dla \u201eObwodnicy Makowa Podhala\u0144skiego w ci\u0105gu drogi krajowej nr 28\u201d (etap I Studium techniczno-ekonomiczno-\u015brodowiskowego wraz z elementami koncepcji programowej). Dla dotychczasowych wariant\u00f3w nr 1-5 oraz wariantu nr 6 wykonana zostanie analiza wielokryterialna. W zwi\u0105zku z najwi\u0119kszym zainteresowaniem wariantu nr 3 wprowadzono wszystkie technicznie mo\u017cliwe zmiany (proponowane przez mieszka\u0144c\u00f3w) dla&hellip;<\/p>\n","protected":false},"author":1,"featured_media":0,"parent":0,"menu_order":0,"comment_status":"closed","ping_status":"closed","template":"","meta":[],"_links":{"self":[{"href":"http:\/\/dk28makowpodhalanski.pl\/index.php\/wp-json\/wp\/v2\/pages\/1258"}],"collection":[{"href":"http:\/\/dk28makowpodhalanski.pl\/index.php\/wp-json\/wp\/v2\/pages"}],"about":[{"href":"http:\/\/dk28makowpodhalanski.pl\/index.php\/wp-json\/wp\/v2\/types\/page"}],"author":[{"embeddable":true,"href":"http:\/\/dk28makowpodhalanski.pl\/index.php\/wp-json\/wp\/v2\/users\/1"}],"replies":[{"embeddable":true,"href":"http:\/\/dk28makowpodhalanski.pl\/index.php\/wp-json\/wp\/v2\/comments?post=1258"}],"version-history":[{"count":22,"href":"http:\/\/dk28makowpodhalanski.pl\/index.php\/wp-json\/wp\/v2\/pages\/1258\/revisions"}],"predecessor-version":[{"id":1289,"href":"http:\/\/dk28makowpodhalanski.pl\/index.php\/wp-json\/wp\/v2\/pages\/1258\/revisions\/1289"}],"wp:attachment":[{"href":"http:\/\/dk28makowpodhalanski.pl\/index.php\/wp-json\/wp\/v2\/media?parent=1258"}],"curies":[{"name":"wp","href":"https:\/\/api.w.org\/{rel}","templated":true}]}}