{"id":55,"date":"2021-09-22T18:49:09","date_gmt":"2021-09-22T18:49:09","guid":{"rendered":"http:\/\/dk28makowpodhalanski.pl\/?page_id=55"},"modified":"2024-08-12T13:07:51","modified_gmt":"2024-08-12T13:07:51","slug":"aktualnosci","status":"publish","type":"page","link":"https:\/\/dk28makowpodhalanski.pl\/index.php\/aktualnosci\/","title":{"rendered":"Aktualno\u015bci.."},"content":{"rendered":"\n<p><br>\n<br>\n<br>\n<br>\n<br><\/p>\n\n\n\n<p>\n<br>\n<br>\n<br>\n<br>\n<br>\n<br>\n<b><p style=\"color: #A6A6A6; font-size: 14px;  font-family: Lato\">PONIEDZIA\u0141EK, 12\/08\/2024<\/p><\/b>\n<p style=\"color: #EF7900; font-size: 24px;  font-family: Lato\">Wniosek o D\u015aU<\/p>\n<br>\n<p>\n<a href=\"https:\/\/dk28makowpodhalanski.pl\/index.php\/wariant-prefereowany\/\"><img decoding=\"async\" loading=\"lazy\" src=\"http:\/\/dk28makowpodhalanski.pl\/wp-content\/uploads\/2021\/09\/ARR.png\" width=\"90\" height=\"51\" style=\"border: 0\" alt=\"tekst alternatywny\"><\/a>\n<\/p>\n<br>\n<p style=\"color: #000000; font-size: 16px;  font-family: Lato\">\nZ\u0142o\u017cono wniosek o wydanie decyzji o \u015brodowiskowych uwarunkowaniach dla preferowanego wariantu nr 6b projektowanej obwodnicy Makowa Podhala\u0144skiego.\n<\/p>\n<hr><\/p>\n\n\n\n<p>\n<br>\n<b><p style=\"color: #A6A6A6; font-size: 14px;  font-family: Lato\">PI\u0104TEK, 20\/05\/2024<\/p><\/b>\n<p style=\"color: #EF7900; font-size: 24px;  font-family: Lato\">Korekta uk\u0142adu drogowego w miejscowo\u015bci Bia\u0142ka dla wariantu preferowanego<\/p>\n<br>\n<p>\n<!-- \/<a href=\"https:\/\/dk28makowpodhalanski.pl\/\/\"><img decoding=\"async\" loading=\"lazy\" src=\"http:\/\/dk28makowpodhalanski.pl\/wp-content\/uploads\/2021\/09\/ARR.png\" width=\"90\" height=\"51\" style=\"border: 0\" alt=\"tekst alternatywny\"><\/a>\n<\/p> -->\n<br>\n<p style=\"color: #000000; font-size: 16px;  font-family: Lato\">\nAktualnie trwaj\u0105 prace projektowe w wariancie nr 6 polegaj\u0105ce na planowaniu przebiegu drogi \u0142\u0105cz\u0105cej obwodnic\u0119 Makowa Podhala\u0144skiego z drog\u0105 wojew\u00f3dzk\u0105 DW957.\n<br>\nPo zako\u0144czeniu tych prac chcemy z\u0142o\u017cy\u0107 wniosek o wydanie decyzji \no \u015brodowiskowych uwarunkowaniach.\n<\/p>\n<hr><\/p>\n\n\n\n<p>\n<br>\n<b><p style=\"color: #A6A6A6; font-size: 14px;  font-family: Lato\">PI\u0104TEK, 23\/05\/2023<\/p><\/b>\n<p style=\"color: #EF7900; font-size: 24px;  font-family: Lato\">Aktualizacja wariantu preferowanego (nr 6) do D\u015aU<\/p>\n<br>\n<p>\n<a href=\"https:\/\/dk28makowpodhalanski.pl\/index.php\/wariant-prefereowany\/\"><img decoding=\"async\" loading=\"lazy\" src=\"http:\/\/dk28makowpodhalanski.pl\/wp-content\/uploads\/2021\/09\/ARR.png\" width=\"90\" height=\"51\" style=\"border: 0\" alt=\"tekst alternatywny\"><\/a>\n<\/p>\n<br>\n<p style=\"color: #000000; font-size: 16px;  font-family: Lato\">\nTrwaj\u0105 prace uszczeg\u00f3\u0142awiaj\u0105ce rozwi\u0105zania projektowe wraz z ich opiniowaniem i uzgadnianiem.\n<\/p>\n<hr><\/p>\n\n\n\n<p>\n<br>\n<b><p style=\"color: #A6A6A6; font-size: 14px;  font-family: Lato\">PI\u0104TEK, 20\/01\/2023<\/p><\/b>\n<p style=\"color: #EF7900; font-size: 24px;  font-family: Lato\">KOPI: wyb\u00f3r wariantu preferowanego do D\u015aU<\/p>\n<br>\n<p>\n<a href=\"https:\/\/dk28makowpodhalanski.pl\/index.php\/kopi-wybor-wariantu-preferowanego\/\"><img decoding=\"async\" loading=\"lazy\" src=\"http:\/\/dk28makowpodhalanski.pl\/wp-content\/uploads\/2021\/09\/ARR.png\" width=\"90\" height=\"51\" style=\"border: 0\" alt=\"tekst alternatywny\"><\/a>\n<\/p>\n<br>\n<p style=\"color: #000000; font-size: 16px;  font-family: Lato\">\nW dniu 02.11.2022r. odby\u0142o si\u0119 posiedzenie Komisji Opiniowania Projekt\u00f3w Inwestycyjnych, w sprawie ustalenia wariantu preferowanego do decyzji D\u015aU. Wariant nr 6 czyli wariant wynikowy po spotkaniach informacyjnych zosta\u0142 wybrany jako preferowany, aktualnie trwaj\u0105 prace uszczeg\u00f3\u0142awiaj\u0105ce rozwi\u0105zania projektowe.\n<\/p>\n<hr><\/p>\n\n\n\n<p>\n<br>\n<b><p style=\"color: #A6A6A6; font-size: 14px;  font-family: Lato\">PI\u0104TEK, 07\/12\/2023<\/p><\/b>\n<p style=\"color: #EF7900; font-size: 24px;  font-family: Lato\">Korekta uk\u0142adu drogowego w miejscowo\u015bci Bia\u0142ka dla wariantu preferowanego<\/p>\n<br>\n<p>\n<!-- \/<a href=\"https:\/\/dk28makowpodhalanski.pl\/\/\"><img decoding=\"async\" loading=\"lazy\" src=\"http:\/\/dk28makowpodhalanski.pl\/wp-content\/uploads\/2021\/09\/ARR.png\" width=\"90\" height=\"51\" style=\"border: 0\" alt=\"tekst alternatywny\"><\/a>\n<\/p> -->\n<br>\n<p style=\"color: #000000; font-size: 16px;  font-family: Lato\">\nW wariancie nr 6 zaprojektowali\u015bmy po\u0142\u0105czenie obwodnicy z nowym odcinkiem drogi wojew\u00f3dzkiej nr 957 (DW957) zlokalizowanym w strefie po\u015bredniej uj\u0119cia wody powierzchniowej dla miejscowego przedsi\u0119biorstwa. Poniewa\u017c nie ma mo\u017cliwo\u015bci zmiany ogranicze\u0144 zawartych w rozporz\u0105dzeniu<sup>1<\/sup> ustanawiaj\u0105cym stref\u0119, musieli\u015bmy zrezygnowa\u0107 z zamiaru budowy nowego odcinka DW957. Dlatego obecnie pracujemy nad nowym podwariantem, analizuj\u0105c po\u0142\u0105czenie obwodnicy z istniej\u0105cym uk\u0142adem dr\u00f3g lokalnych \nw Bia\u0142ce. \n<br>\nPo zako\u0144czeniu tych prac chcemy z\u0142o\u017cy\u0107 wniosek o wydanie decyzji \no \u015brodowiskowych uwarunkowaniach.\n<\/p>\n<p style=\"color: #000000; font-size: 14px;  font-family: Lato\">\n<sup>1<\/sup><em>Rozporz\u0105dzenie nr 5\/20 Dyrektora Regionalnego Zarz\u0105du Gospodarki Wodnej w Krakowie z dnia 20 wrze\u015bnia 2010 r. w sprawie ustalenia strefy ochronnej dla uj\u0119cia wody powierzchniowej w km 0+600 potoku Skawica na potrzeby Fabryki Os\u0142onek Bia\u0142kowych FABIOS S.A. w miejscowo\u015bci Bia\u0142ka, gmina Mak\u00f3w Podhala\u0144ski, powiat Sucha Beskidzka.<\/em>\n<\/p>\n<hr><\/p>\n\n\n\n<p>\n<br>\n<b><p style=\"color: #A6A6A6; font-size: 14px;  font-family: Lato\">PI\u0104TEK, 23\/05\/2023<\/p><\/b>\n<p style=\"color: #EF7900; font-size: 24px;  font-family: Lato\">Aktualizacja wariantu preferowanego (nr 6) do D\u015aU<\/p>\n<br>\n<p>\n<a href=\"https:\/\/dk28makowpodhalanski.pl\/index.php\/wariant-prefereowany\/\"><img decoding=\"async\" loading=\"lazy\" src=\"http:\/\/dk28makowpodhalanski.pl\/wp-content\/uploads\/2021\/09\/ARR.png\" width=\"90\" height=\"51\" style=\"border: 0\" alt=\"tekst alternatywny\"><\/a>\n<\/p>\n<br>\n<p style=\"color: #000000; font-size: 16px;  font-family: Lato\">\nTrwaj\u0105 prace uszczeg\u00f3\u0142awiaj\u0105ce rozwi\u0105zania projektowe wraz z ich opiniowaniem i uzgadnianiem.\n<\/p>\n<hr><\/p>\n\n\n\n<p>\n<br>\n<b><p style=\"color: #A6A6A6; font-size: 14px;  font-family: Lato\">PI\u0104TEK, 20\/01\/2023<\/p><\/b>\n<p style=\"color: #EF7900; font-size: 24px;  font-family: Lato\">KOPI: wyb\u00f3r wariantu preferowanego do D\u015aU<\/p>\n<br>\n<p>\n<a href=\"http:\/\/dk28makowpodhalanski.pl\/index.php\/aktualnosci\/\"><img decoding=\"async\" loading=\"lazy\" src=\"http:\/\/dk28makowpodhalanski.pl\/wp-content\/uploads\/2021\/09\/ARR.png\" width=\"90\" height=\"51\" style=\"border: 0\" alt=\"tekst alternatywny\"><\/a>\n<\/p>\n<br>\n<p style=\"color: #000000; font-size: 16px;  font-family: Lato\">\nW dniu 02.11.2022r. odby\u0142o si\u0119 posiedzenie Komisji Opiniowania Projekt\u00f3w Inwestycyjnych, w sprawie ustalenia wariantu preferowanego do decyzji D\u015aU. Wariant nr 6 czyli wariant wynikowy po spotkaniach informacyjnych zosta\u0142 wybrany jako preferowany, aktualnie trwaj\u0105 prace uszczeg\u00f3\u0142awiaj\u0105ce rozwi\u0105zania projektowe.\n<\/p>\n<hr><\/p>\n\n\n\n<p>\n<br>\n<b><p style=\"color: #A6A6A6; font-size: 14px;  font-family: Lato\">PONIEDZIA\u0141EK, 14\/03\/2022<\/p><\/b>\n<p style=\"color: #EF7900; font-size: 24px;  font-family: Lato\">Raport z dzia\u0142a\u0144 informacyjnych<\/p>\n<br>\n<p>\n<a href=\"http:\/\/dk28makowpodhalanski.pl\/index.php\/raport-z-dzialan-informacyjnych\/\"><img decoding=\"async\" loading=\"lazy\" src=\"http:\/\/dk28makowpodhalanski.pl\/wp-content\/uploads\/2021\/09\/ARR.png\" width=\"90\" height=\"51\" style=\"border: 0\" alt=\"tekst alternatywny\"><\/a>\n<\/p>\n<br>\n<p style=\"color: #000000; font-size: 16px;  font-family: Lato\">\nRaport z dzia\u0142a\u0144 informacyjnych przeprowadzonych w ramach opracowania dokumentacji projektowej STE\u015a-R wraz z uzyskaniem decyzji D\u015aU dla \u201eObwodnicy Makowa Podhala\u0144skiego w ci\u0105gu drogi krajowej nr 28\u201d (etap I Studium techniczno-ekonomiczno-\u015brodowiskowego wraz z elementami koncepcji programowej).\n<\/p>\n<hr><\/p>\n\n\n\n<p>\n<br>\n<b><p style=\"color: #A6A6A6; font-size: 14px;  font-family: Lato\">\u015aRODA, 09\/02\/2022<\/p><\/b>\n<p style=\"color: #EF7900; font-size: 24px;  font-family: Lato\">Analiza wniosk\u00f3w<\/p>\n<br>\n<p>\n<a href=\"http:\/\/dk28makowpodhalanski.pl\/index.php\/aktualnosci\/\/\"><img decoding=\"async\" loading=\"lazy\" src=\"http:\/\/dk28makowpodhalanski.pl\/wp-content\/uploads\/2021\/09\/ARR.png\" width=\"90\" height=\"51\" style=\"border: 0\" alt=\"tekst alternatywny\"><\/a>\n<\/p>\n<br>\n<p style=\"color: #000000; font-size: 16px;  font-family: Lato\">\nTrwaj\u0105 prace zwi\u0105zane z analiz\u0105 wniosk\u00f3w zebranych podczas dzia\u0142a\u0144 informacyjnych. Na ich podstawie wprowadza si\u0119 mo\u017cliwe do uwzgl\u0119dnienia zmiany projektowe. \nPo zako\u0144czeniu ww. prac udost\u0119pniony zostanie raport z dzia\u0142a\u0144 informacyjnych wraz z przebiegiem wariant\u00f3w.\n<\/p>\n<hr><\/p>\n\n\n\n<p>\n<br>\n<b><p style=\"color: #A6A6A6; font-size: 14px;  font-family: Lato\">\u015aRODA, 20\/10\/2021<\/p><\/b>\n<p style=\"color: #EF7900; font-size: 24px;  font-family: Lato\">Spotkanie informacyjne<\/p>\n<br>\n<p>\n<a href=\"http:\/\/dk28makowpodhalanski.pl\/index.php\/spotkanie-informacyjne\/\"><img decoding=\"async\" loading=\"lazy\" src=\"http:\/\/dk28makowpodhalanski.pl\/wp-content\/uploads\/2021\/09\/ARR.png\" width=\"90\" height=\"51\" style=\"border: 0\" alt=\"tekst alternatywny\"><\/a>\n<\/p>\n<br>\n<p style=\"color: #000000; font-size: 16px;  font-family: Lato\">\nW dniach 20-21.10.2021 r.  odb\u0119d\u0105 si\u0119 spotkania z mieszka\u0144cami. W ramach spotka\u0144 b\u0119dzie mo\u017cna porozmawia\u0107 z przedstawicielami zamawiaj\u0105cego (GDDKiA) oraz projektantami (SWECO Polska). Do dyspozycji b\u0119d\u0105 broszury oraz ankiety. Wype\u0142nione ankiety prosimy sk\u0142ada\u0107 w nieprzekraczalnym terminie do 05.11.2021r. Ankiety nale\u017cy wys\u0142a\u0107 na adres email: krzysztof.dabrowski@sweco.pl lub drog\u0105 tradycyjn\u0105 na adres biura SWECO Polska Sp. z o.o. ul. Wielicka 30, 30-552 Krak\u00f3w z dopiskiem \u201eMak\u00f3w Podhala\u0144ski DK28&#8243;.\n<\/p>\n<hr><\/p>\n\n\n\n<p>\n<b><p style=\"color: #A6A6A6; font-size: 14px;  font-family: Lato\">PI\u0104TEK, 12\/03\/2021<\/p><\/b>\n<p style=\"color: #EF7900; font-size: 24px;  font-family: Lato\">Rozpocz\u0119cie prac<\/p>\n<br>\n<p>\n<a href=\"http:\/\/dk28makowpodhalanski.pl\/index.php\/aktualnosci\/\"><img decoding=\"async\" loading=\"lazy\" src=\"http:\/\/dk28makowpodhalanski.pl\/wp-content\/uploads\/2021\/09\/ARR.png\" width=\"90\" height=\"51\" style=\"border: 0\" alt=\"tekst alternatywny\"><\/a>\n<\/p>\n<br>\n<p style=\"color: #000000; font-size: 16px;  font-family: Lato\">\n12 marca 2021r. \u2013  rozpocz\u0119to prace.\n<\/p>\n<hr><\/p>\n\n\n\n<p>\n<b><p style=\"color: #A6A6A6; font-size: 14px;  font-family: Lato\">PI\u0104TEK, 12\/03\/2021<\/p><\/b>\n<p style=\"color: #EF7900; font-size: 24px;  font-family: Lato\">Podpisanie umowy<\/p>\n<br>\n<p>\n<a href=\"http:\/\/dk28makowpodhalanski.pl\/index.php\/aktualnosci\/\"><img decoding=\"async\" loading=\"lazy\" src=\"http:\/\/dk28makowpodhalanski.pl\/wp-content\/uploads\/2021\/09\/ARR.png\" width=\"90\" height=\"51\" style=\"border: 0\" alt=\"tekst alternatywny\"><\/a>\n<\/p>\n<br>\n<p style=\"color: #000000; font-size: 16px;  font-family: Lato\">\n12 marca 2021r. \u2013  podpisanie umowy.\n<\/p>\n<hr><\/p>\n<br>\n<br>\n<br>\n<br>\n<br>\n<br>\n","protected":false},"excerpt":{"rendered":"<p>PONIEDZIA\u0141EK, 12\/08\/2024 Wniosek o D\u015aU Z\u0142o\u017cono wniosek o wydanie decyzji o \u015brodowiskowych uwarunkowaniach dla preferowanego wariantu nr 6b projektowanej obwodnicy Makowa Podhala\u0144skiego. PI\u0104TEK, 20\/05\/2024 Korekta uk\u0142adu drogowego w miejscowo\u015bci Bia\u0142ka dla wariantu preferowanego Aktualnie trwaj\u0105 prace projektowe w wariancie nr 6 polegaj\u0105ce na planowaniu przebiegu drogi \u0142\u0105cz\u0105cej obwodnic\u0119 Makowa Podhala\u0144skiego z drog\u0105 wojew\u00f3dzk\u0105 DW957. Po zako\u0144czeniu tych prac chcemy z\u0142o\u017cy\u0107 wniosek o wydanie decyzji o \u015brodowiskowych uwarunkowaniach. PI\u0104TEK, 23\/05\/2023 Aktualizacja&hellip;<\/p>\n","protected":false},"author":1,"featured_media":0,"parent":0,"menu_order":0,"comment_status":"closed","ping_status":"closed","template":"","meta":[],"_links":{"self":[{"href":"https:\/\/dk28makowpodhalanski.pl\/index.php\/wp-json\/wp\/v2\/pages\/55"}],"collection":[{"href":"https:\/\/dk28makowpodhalanski.pl\/index.php\/wp-json\/wp\/v2\/pages"}],"about":[{"href":"https:\/\/dk28makowpodhalanski.pl\/index.php\/wp-json\/wp\/v2\/types\/page"}],"author":[{"embeddable":true,"href":"https:\/\/dk28makowpodhalanski.pl\/index.php\/wp-json\/wp\/v2\/users\/1"}],"replies":[{"embeddable":true,"href":"https:\/\/dk28makowpodhalanski.pl\/index.php\/wp-json\/wp\/v2\/comments?post=55"}],"version-history":[{"count":84,"href":"https:\/\/dk28makowpodhalanski.pl\/index.php\/wp-json\/wp\/v2\/pages\/55\/revisions"}],"predecessor-version":[{"id":1494,"href":"https:\/\/dk28makowpodhalanski.pl\/index.php\/wp-json\/wp\/v2\/pages\/55\/revisions\/1494"}],"wp:attachment":[{"href":"https:\/\/dk28makowpodhalanski.pl\/index.php\/wp-json\/wp\/v2\/media?parent=55"}],"curies":[{"name":"wp","href":"https:\/\/api.w.org\/{rel}","templated":true}]}}