{"id":771,"date":"2021-09-29T19:34:40","date_gmt":"2021-09-29T19:34:40","guid":{"rendered":"http:\/\/dk28makowpodhalanski.pl\/?page_id=771"},"modified":"2024-05-29T08:33:33","modified_gmt":"2024-05-29T08:33:33","slug":"opis-aktualnego-zaawansowania-prac-projektowych","status":"publish","type":"page","link":"https:\/\/dk28makowpodhalanski.pl\/index.php\/opis-aktualnego-zaawansowania-prac-projektowych\/","title":{"rendered":"Opis aktualnego zaawansowania prac projektowych"},"content":{"rendered":"<p><b><\/b><br>\n<b><\/b><br>\n<b><\/b><br>\n<b><\/b><br>\n<b><\/b><br>\n<b><\/b><\/p>\n\n\n<p class=\"has-text-align-center\"><center>\n<b>\n<br>\n<br>\n<br>\n<br>\n<br>\n<br><b>\n<font style=\"color: #EF7900; font-size: 20px;  font-family: Lato \">\/<\/font><\/b>\n<font style=\"color: #000000; font-size: 20px;  font-family: Lato\">OPIS AKTUALNEGO ZAAWANSOWANIA PRAC PROJEKTOWYCH<\/font> \n<br><\/b>\n<br><\/center>\n<b><p style=\"color: #000000; font-size: 16px;  font-family: Lato\"><li>PODPISANIE UMOWY NA WYKONANIE OPRACOWANIA<\/li><p>\n<br><\/b>\n<p style=\"color: #000000; font-size: 16px;  font-family: Lato; \">3 marca 2021r. podpisano umow\u0119 na opracowanie dokumentacji projektowej na Opracowanie Studium Techniczno-Ekonomiczno-\u015arodowiskowego z elementami Koncepcji Programowej wraz z uzyskaniem Decyzji o \u015arodowiskowych Uwarunkowaniach w ramach zadania inwestycyjnego \u201eBudowa obwodnicy Makowa Podhala\u0144skiego w ci\u0105gu DK28\u201d pomi\u0119dzy krakowskim oddzia\u0142em GDDKiA reprezentuj\u0105cym Skarb Pa\u0144stwa i wykonawc\u0105 \u2013 SWECO Polska Sp. z o.o.<p>\n<br>\n<b><p style=\"color: #000000; font-size: 16px;  font-family: Lato\"><li>ROZPOCZ\u0118CIE PRAC PROJEKTOWYCH<\/li><p>\n<br><\/b>\n<p style=\"color: #000000; font-size: 16px;  font-family: Lato; \">3 marca 2021r. rozpocz\u0119to prace projektowe w zakresie wykonania STE\u015a dla \u201eBudowa obwodnicy Makowa Podhala\u0144skiego w ci\u0105gu DK28\u201d.\nAktualne prace projektowe przebiegaj\u0105 zgodnie z harmonogramem i polegaj\u0105 na pozyskiwaniu i analizie materia\u0142\u00f3w wyj\u015bciowych i archiwalnych dla cz\u0119\u015bci og\u00f3lnej I Etapu Studium Techniczno Ekonomiczno \u015arodowiskowego oraz materia\u0142\u00f3w do Decyzji o \u015arodowiskowych Uwarunkowaniach.\nPrace polegaj\u0105 na opracowaniu wst\u0119pnego STE\u015a do zaopiniowania przez Zamawiaj\u0105cego w zakresie analizy przebiegu wariant\u00f3w drogi.\n<p>\n<br>\n<a href=\"https:\/\/dk28makowpodhalanski.pl\/index.php\/aktualnosci\/\">AKTUALNO\u015aCI<\/a>\n<br>\n<br>\n<br>\n<br>\n<br>\n<br>\n<br>\n<br>\n<br>\n<br>\n<br>\n<br>\n<br>\n<br>\n<br>\n<br>\n<br>\n<br>\n<br>\n<br>\n<br>\n<br>\n<\/b>\n<p> <\/p>\n<\/p>\n","protected":false},"excerpt":{"rendered":"<p>\/ OPIS AKTUALNEGO ZAAWANSOWANIA PRAC PROJEKTOWYCH PODPISANIE UMOWY NA WYKONANIE OPRACOWANIA 3 marca 2021r. podpisano umow\u0119 na opracowanie dokumentacji projektowej na Opracowanie Studium Techniczno-Ekonomiczno-\u015arodowiskowego z elementami Koncepcji Programowej wraz z uzyskaniem Decyzji o \u015arodowiskowych Uwarunkowaniach w ramach zadania inwestycyjnego \u201eBudowa obwodnicy Makowa Podhala\u0144skiego w ci\u0105gu DK28\u201d pomi\u0119dzy krakowskim oddzia\u0142em GDDKiA reprezentuj\u0105cym Skarb Pa\u0144stwa i wykonawc\u0105 \u2013 SWECO Polska Sp. z o.o. ROZPOCZ\u0118CIE PRAC PROJEKTOWYCH 3 marca 2021r. rozpocz\u0119to prace projektowe&hellip;<\/p>\n","protected":false},"author":1,"featured_media":0,"parent":0,"menu_order":0,"comment_status":"closed","ping_status":"closed","template":"","meta":[],"_links":{"self":[{"href":"https:\/\/dk28makowpodhalanski.pl\/index.php\/wp-json\/wp\/v2\/pages\/771"}],"collection":[{"href":"https:\/\/dk28makowpodhalanski.pl\/index.php\/wp-json\/wp\/v2\/pages"}],"about":[{"href":"https:\/\/dk28makowpodhalanski.pl\/index.php\/wp-json\/wp\/v2\/types\/page"}],"author":[{"embeddable":true,"href":"https:\/\/dk28makowpodhalanski.pl\/index.php\/wp-json\/wp\/v2\/users\/1"}],"replies":[{"embeddable":true,"href":"https:\/\/dk28makowpodhalanski.pl\/index.php\/wp-json\/wp\/v2\/comments?post=771"}],"version-history":[{"count":20,"href":"https:\/\/dk28makowpodhalanski.pl\/index.php\/wp-json\/wp\/v2\/pages\/771\/revisions"}],"predecessor-version":[{"id":1417,"href":"https:\/\/dk28makowpodhalanski.pl\/index.php\/wp-json\/wp\/v2\/pages\/771\/revisions\/1417"}],"wp:attachment":[{"href":"https:\/\/dk28makowpodhalanski.pl\/index.php\/wp-json\/wp\/v2\/media?parent=771"}],"curies":[{"name":"wp","href":"https:\/\/api.w.org\/{rel}","templated":true}]}}